{"id":23851,"date":"2018-11-05T10:38:37","date_gmt":"2018-11-05T10:38:37","guid":{"rendered":"http:\/\/democontent.codex-themes.com\/sites\/sparta-interior\/?page_id=23851"},"modified":"2025-12-12T11:01:33","modified_gmt":"2025-12-12T11:01:33","slug":"precios-y-horarios","status":"publish","type":"page","link":"https:\/\/www.flywithpaloma.es\/index.php\/precios-y-horarios\/","title":{"rendered":"Precios y horarios"},"content":{"rendered":"<p>[vc_row full_width=\u00bbstretch_row_content\u00bb css=\u00bb.vc_custom_1663201629213{margin-top: 60px !important;margin-bottom: 0px !important;padding-top: 42px !important;padding-right: 42px !important;padding-bottom: 42px !important;padding-left: 42px !important;}\u00bb el_class=\u00bbcustom-letter-spacing\u00bb][vc_column width=\u00bb1\/6&#8243;][\/vc_column][vc_column width=\u00bb2\/3&#8243;][vc_column_text]<\/p>\n<div class=\"styled-subtitle\" style=\"text-align: center;\"><span style=\"color: #33bcdc;\">En Fly with Paloma hay clases adaptadas a todos los niveles. Grupos de 10-12 personas, para poder darte toda la atenci\u00f3n que tu pr\u00e1ctica necesita, ayud\u00e1ndote a corregir las posturas y alinearlas correctamente.\u00a0<\/span><\/div>\n<p>[\/vc_column_text][\/vc_column][vc_column width=\u00bb1\/6&#8243;][\/vc_column][\/vc_row][vc_row full_width=\u00bbstretch_row_content\u00bb css=\u00bb.vc_custom_1663201629213{margin-top: 60px !important;margin-bottom: 0px !important;padding-top: 42px !important;padding-right: 42px !important;padding-bottom: 42px !important;padding-left: 42px !important;}\u00bb el_class=\u00bbcustom-letter-spacing\u00bb][vc_column width=\u00bb1\/6&#8243;][\/vc_column][vc_column width=\u00bb2\/3&#8243;][vc_column_text css_animation=\u00bbfadeIn\u00bb]<\/p>\n<div class=\"title-h2\" style=\"text-align: center;\"><span class=\"light\" style=\"color: #464646; letter-spacing: 10px;\"><span style=\"color: #33bcdc; font-family: Montserrat;\"><b>\u00a0&#8211; <\/b><\/span><\/span><span class=\"light\" style=\"color: #464646; letter-spacing: 10px;\">HORARIOS<span style=\"color: #33bcdc; font-family: Montserrat;\"><b>\u00a0&#8211;<\/b><\/span><\/span><\/div>\n<p>[\/vc_column_text][\/vc_column][vc_column width=\u00bb1\/6&#8243;][\/vc_column][\/vc_row][vc_row css=\u00bb.vc_custom_1663289898904{margin-bottom: 200px !important;}\u00bb][vc_column width=\u00bb1\/5&#8243;][vc_column_text]<\/p>\n<div class=\"styled-subtitle\" style=\"text-align: center; letter-spacing: 8.64px;\">LUNES<\/div>\n<p>[\/vc_column_text][vc_separator color=\u00bbcustom\u00bb border_width=\u00bb2&#8243; accent_color=\u00bb#33bcdc\u00bb][vc_column_text]<\/p>\n<div class=\"small-body\" style=\"text-align: center; letter-spacing: 3.2px;\">\n<p>18:45 a 19:45h.<\/p>\n<\/div>\n<p>[\/vc_column_text][vc_column_text]<\/p>\n<div class=\"small-body\" style=\"text-align: center; letter-spacing: 3.2px;\">\n<p><strong>Hatha Tradicional<\/strong><\/p>\n<\/div>\n<p>[\/vc_column_text][vc_separator color=\u00bbcustom\u00bb border_width=\u00bb2&#8243; accent_color=\u00bb#33bcdc\u00bb][vc_column_text]<\/p>\n<div class=\"small-body\" style=\"text-align: center; letter-spacing: 3.2px;\">\n<p>20:00 a 21:00h.<\/p>\n<\/div>\n<p>[\/vc_column_text][vc_column_text]<\/p>\n<div class=\"small-body\" style=\"text-align: center; letter-spacing: 3.2px;\">\n<p><strong>Hatha Tradicional<\/strong><\/p>\n<\/div>\n<p>[\/vc_column_text][vc_separator color=\u00bbcustom\u00bb border_width=\u00bb2&#8243; accent_color=\u00bb#33bcdc\u00bb][\/vc_column][vc_column width=\u00bb1\/5&#8243;][vc_column_text]<\/p>\n<div class=\"styled-subtitle\" style=\"text-align: center; letter-spacing: 8.64px;\">MARTES<\/div>\n<p>[\/vc_column_text][vc_separator color=\u00bbcustom\u00bb border_width=\u00bb2&#8243; accent_color=\u00bb#33bcdc\u00bb][vc_column_text]<\/p>\n<div class=\"small-body\" style=\"text-align: center; letter-spacing: 3.2px;\">\n<p>7:30 a 8:30h.<\/p>\n<\/div>\n<p>[\/vc_column_text][vc_column_text]<\/p>\n<div class=\"small-body\" style=\"text-align: center; letter-spacing: 3.2px;\">\n<p><strong>Hatha Vinyasa<\/strong><\/p>\n<\/div>\n<p>[\/vc_column_text][vc_separator color=\u00bbcustom\u00bb border_width=\u00bb2&#8243; accent_color=\u00bb#33bcdc\u00bb][vc_column_text]<\/p>\n<div class=\"small-body\" style=\"text-align: center; letter-spacing: 3.2px;\">\n<p>18:45 a 19:45h.<\/p>\n<\/div>\n<p>[\/vc_column_text][vc_column_text]<\/p>\n<div class=\"small-body\" style=\"text-align: center; letter-spacing: 3.2px;\">\n<p><strong>Hatha Vinyasa<\/strong><\/p>\n<\/div>\n<p>[\/vc_column_text][vc_separator color=\u00bbcustom\u00bb border_width=\u00bb2&#8243; accent_color=\u00bb#33bcdc\u00bb][vc_column_text]<\/p>\n<div class=\"small-body\" style=\"text-align: center; letter-spacing: 3.2px;\">\n<p>20:00 a 21:00h.<\/p>\n<\/div>\n<p>[\/vc_column_text][vc_column_text]<\/p>\n<div class=\"small-body\" style=\"text-align: center; letter-spacing: 3.2px;\">\n<p><strong>Hatha Vinyasa<\/strong><\/p>\n<\/div>\n<p>[\/vc_column_text][vc_separator color=\u00bbturquoise\u00bb border_width=\u00bb2&#8243;][\/vc_column][vc_column width=\u00bb1\/5&#8243;][vc_column_text]<\/p>\n<div class=\"styled-subtitle\" style=\"text-align: center; letter-spacing: 8.64px;\">MI\u00c9RCOLES<\/div>\n<p>[\/vc_column_text][vc_separator color=\u00bbcustom\u00bb border_width=\u00bb2&#8243; accent_color=\u00bb#33bcdc\u00bb][vc_column_text]<\/p>\n<div class=\"small-body\" style=\"text-align: center; letter-spacing: 3.2px;\">\n<p>7:30 a 8:30h.<\/p>\n<\/div>\n<p>[\/vc_column_text][vc_column_text]<\/p>\n<div class=\"small-body\" style=\"text-align: center; letter-spacing: 3.2px;\">\n<p><strong>Autopr\u00e1ctica <\/strong><strong>Mysore<\/strong><\/p>\n<\/div>\n<p>[\/vc_column_text][vc_separator color=\u00bbcustom\u00bb border_width=\u00bb2&#8243; accent_color=\u00bb#33bcdc\u00bb][vc_column_text]<\/p>\n<div class=\"small-body\" style=\"text-align: center; letter-spacing: 3.2px;\">\n<p>18:45 a 19:45h.<\/p>\n<\/div>\n<p>[\/vc_column_text][vc_column_text]<\/p>\n<div class=\"small-body\" style=\"text-align: center; letter-spacing: 3.2px;\">\n<p><strong>Rocket Yoga<\/strong><\/p>\n<\/div>\n<p>[\/vc_column_text][vc_separator color=\u00bbcustom\u00bb border_width=\u00bb2&#8243; accent_color=\u00bb#33bcdc\u00bb][vc_column_text]<\/p>\n<div class=\"small-body\" style=\"text-align: center; letter-spacing: 3.2px;\">\n<p>20:00 a 21:00h.<\/p>\n<\/div>\n<p>[\/vc_column_text][vc_column_text]<\/p>\n<div class=\"small-body\" style=\"text-align: center; letter-spacing: 3.2px;\">\n<p><strong>Rocket Yoga<\/strong><\/p>\n<\/div>\n<p>[\/vc_column_text][vc_separator color=\u00bbturquoise\u00bb border_width=\u00bb2&#8243;][\/vc_column][vc_column width=\u00bb1\/5&#8243;][vc_column_text]<\/p>\n<div class=\"styled-subtitle\" style=\"text-align: center; letter-spacing: 8.64px;\">JUEVES<\/div>\n<p>[\/vc_column_text][vc_separator color=\u00bbcustom\u00bb border_width=\u00bb2&#8243; accent_color=\u00bb#33bcdc\u00bb][vc_column_text]<\/p>\n<div class=\"small-body\" style=\"text-align: center; letter-spacing: 3.2px;\">\n<p>7:30 a 8:30h.<\/p>\n<\/div>\n<p>[\/vc_column_text][vc_column_text]<\/p>\n<div class=\"small-body\" style=\"text-align: center; letter-spacing: 3.2px;\">\n<p><strong>Rocket Yoga<\/strong><\/p>\n<\/div>\n<p>[\/vc_column_text][vc_separator color=\u00bbcustom\u00bb border_width=\u00bb2&#8243; accent_color=\u00bb#33bcdc\u00bb][vc_column_text]<\/p>\n<div class=\"small-body\" style=\"text-align: center; letter-spacing: 3.2px;\">\n<p>18:45 a 19:45h.<\/p>\n<\/div>\n<p>[\/vc_column_text][vc_column_text]<\/p>\n<div class=\"small-body\" style=\"text-align: center; letter-spacing: 3.2px;\">\n<p><strong>Rocket Yoga<\/strong><\/p>\n<\/div>\n<p>[\/vc_column_text][vc_separator color=\u00bbcustom\u00bb border_width=\u00bb2&#8243; accent_color=\u00bb#33bcdc\u00bb][vc_column_text]<\/p>\n<div class=\"small-body\" style=\"text-align: center; letter-spacing: 3.2px;\">\n<p>20:00 a 21:00h.<\/p>\n<\/div>\n<p>[\/vc_column_text][vc_column_text]<\/p>\n<div class=\"small-body\" style=\"text-align: center; letter-spacing: 3.2px;\">\n<p><strong>Yin Yoga<\/strong><\/p>\n<\/div>\n<p>[\/vc_column_text][vc_separator color=\u00bbcustom\u00bb border_width=\u00bb2&#8243; accent_color=\u00bb#33bcdc\u00bb][\/vc_column][vc_column width=\u00bb1\/5&#8243;][vc_column_text]<\/p>\n<div class=\"styled-subtitle\" style=\"text-align: center; letter-spacing: 8.64px;\">VIERNES<\/div>\n<p>[\/vc_column_text][vc_separator color=\u00bbturquoise\u00bb border_width=\u00bb2&#8243;][vc_column_text]<\/p>\n<div class=\"small-body\" style=\"text-align: center; letter-spacing: 3.2px;\">\n<p>18:45 a 20:15h.<\/p>\n<\/div>\n<p>[\/vc_column_text][vc_column_text]<\/p>\n<div class=\"small-body\" style=\"text-align: center; letter-spacing: 3.2px;\">\n<p><strong>Flyer Lab<\/strong><\/p>\n<\/div>\n<p>[\/vc_column_text][vc_separator color=\u00bbturquoise\u00bb border_width=\u00bb2&#8243;][\/vc_column][\/vc_row][vc_row css=\u00bb.vc_custom_1663289223435{margin-top: 50px !important;}\u00bb][vc_column]<div id=\"fullwidth-block-69edf192a2143\" class=\"fullwidth-block clearfix\"  style=\"padding-top: 142px;padding-bottom: 100px;\"><script type=\"text\/javascript\">if (typeof(gem_fix_fullwidth_position) == \"function\") { gem_fix_fullwidth_position(document.getElementById(\"fullwidth-block-69edf192a2143\")); }<\/script><div class=\"fullwidth-block-background\" style=\"background-image: url(https:\/\/www.flywithpaloma.es\/wp-content\/uploads\/2022\/09\/Fly-with-paloma-banner-01-scaled.jpg);background-repeat: no-repeat; background-size: cover;background-position: center top;\"><\/div><div class=\"fullwidth-block-inner\"><div class=\"container\"><div class=\"clearboth\"><\/div><style>#thegem-divider-69edf192a225f {margin-top: -12px !important;}<\/style><div id=\"thegem-divider-69edf192a225f\" class=\"gem-divider  \" style=\"\" ><\/div>[vc_column_text css_animation=\u00bbfadeIn\u00bb]<\/p>\n<div class=\"title-h2\" style=\"text-align: center;\"><span class=\"light\" style=\"color: #ffffff; letter-spacing: 8.64px;\"><strong>&#8211;<\/strong> PRECIOS <strong>&#8211;<\/strong> <\/span><\/div>\n<p>[\/vc_column_text]<div class=\"clearboth\"><\/div><style>#thegem-divider-69edf192a228a {margin-top: 27px !important;}<\/style><div id=\"thegem-divider-69edf192a228a\" class=\"gem-divider  \" style=\"\" ><\/div>[vc_separator color=\u00bbcustom\u00bb border_width=\u00bb2&#8243; el_width=\u00bb10&#8243; css_animation=\u00bbfadeIn\u00bb accent_color=\u00bb#33bcdc\u00bb]<div class=\"clearboth\"><\/div><style>#thegem-divider-69edf192a229a {margin-top: 30px !important;}#thegem-divider-69edf192a229a {margin-bottom: 30px !important;}<\/style><div id=\"thegem-divider-69edf192a229a\" class=\"gem-divider  \" style=\"\" ><\/div>[vc_row_inner equal_height=\u00bbyes\u00bb content_placement=\u00bbtop\u00bb][vc_column_inner width=\u00bb1\/2&#8243;]<div class=\"gem-table gem-table-responsive gem-table-style-3 row-headers\"><table style=\"width: 100%;\">\n<thead>\n<tr>\n<th>\n<div class=\"styled-subtitle\">Clases grupales 1h.<\/div>\n<\/th>\n<th>\n<div class=\"styled-subtitle\">Precio<\/div>\n<\/th>\n<\/tr>\n<\/thead>\n<tbody>\n<tr>\n<td><strong>1 clase a la semana<\/strong><\/td>\n<td>\n<div class=\"styled-subtitle\">45\u20ac\/mes<\/div>\n<\/td>\n<\/tr>\n<tr>\n<td><strong>2 clases a la semana<\/strong><\/td>\n<td>\n<div class=\"styled-subtitle\">70\u20ac\/mes<\/div>\n<\/td>\n<\/tr>\n<tr>\n<td><strong>Clases ilimitadas<\/strong><\/td>\n<td>\n<div class=\"styled-subtitle\">100\u20ac\/mes<\/div>\n<\/td>\n<\/tr>\n<tr>\n<td><strong>1 clase individual<\/strong><\/td>\n<td>\n<div class=\"styled-subtitle\">15\u20ac<\/div>\n<\/td>\n<\/tr>\n<tr>\n<td><strong>Bono 10 clases (canjeable en 3 meses)<\/strong><\/td>\n<td>\n<div class=\"styled-subtitle\">140\u20ac<\/div>\n<\/td>\n<\/tr>\n<\/tbody>\n<\/table>\n<\/div>[\/vc_column_inner][vc_column_inner width=\u00bb1\/2&#8243;]<div class=\"gem-table gem-table-responsive gem-table-style-3 row-headers\"><table style=\"width: 100%;\">\n<thead>\n<tr>\n<th>\n<div class=\"styled-subtitle\">Clases privadas 1h.<\/div>\n<\/th>\n<th>\n<div class=\"styled-subtitle\">Precio<\/div>\n<\/th>\n<\/tr>\n<\/thead>\n<tbody>\n<tr>\n<td><strong>Clase individual<\/strong><\/td>\n<td>\n<div class=\"styled-subtitle\">40\u20ac<\/div>\n<\/td>\n<\/tr>\n<tr>\n<td><strong>Bono 5 clases<\/strong><\/td>\n<td>\n<div class=\"styled-subtitle\">150\u20ac<\/div>\n<\/td>\n<\/tr>\n<tr>\n<td><strong>Bono 10 clases<\/strong><\/td>\n<td>\n<div class=\"styled-subtitle\">280\u20ac<\/div>\n<\/td>\n<\/tr>\n<\/tbody>\n<\/table>\n<\/div>[\/vc_column_inner][\/vc_row_inner][vc_row_inner][vc_column_inner][vc_column_text css_animation=\u00bbfadeIn\u00bb]<\/p>\n<div class=\"styled-subtitle\" style=\"text-align: center;\">\n<p style=\"text-align: left;\"><span style=\"color: #ffffff;\">*Todos los precios incluyen IVA<\/span><\/p>\n<\/div>\n<p>[\/vc_column_text][\/vc_column_inner][\/vc_row_inner]<\/div><\/div><\/div>[\/vc_column][\/vc_row]<\/p>\n","protected":false},"excerpt":{"rendered":"<p>[vc_row full_width=\u00bbstretch_row_content\u00bb css=\u00bb.vc_custom_1663201629213{margin-top: 60px !important;margin-bottom: 0px !important;padding-top: 42px !important;padding-right: 42px !important;padding-bottom: 42px !important;padding-left: 42px !important;}\u00bb el_class=\u00bbcustom-letter-spacing\u00bb][vc_column width=\u00bb1\/6&#8243;][\/vc_column][vc_column width=\u00bb2\/3&#8243;][vc_column_text] En Fly&#8230;<\/p>\n","protected":false},"author":1,"featured_media":0,"parent":0,"menu_order":0,"comment_status":"closed","ping_status":"closed","template":"","meta":{"footnotes":""},"class_list":["post-23851","page","type-page","status-publish"],"yoast_head":"<!-- This site is optimized with the Yoast SEO plugin v19.8 - https:\/\/yoast.com\/wordpress\/plugins\/seo\/ -->\n<title>Precios y horarios - Fly With Paloma<\/title>\n<meta name=\"description\" content=\"En Fly with Paloma hay clases adaptadas a todos los niveles. Son sesiones casi particulares en las que ver\u00e1s mejorar tu pr\u00e1ctica d\u00eda a d\u00eda.\" \/>\n<meta name=\"robots\" content=\"index, follow, max-snippet:-1, max-image-preview:large, max-video-preview:-1\" \/>\n<link rel=\"canonical\" href=\"https:\/\/www.flywithpaloma.es\/index.php\/precios-y-horarios\/\" \/>\n<meta property=\"og:locale\" content=\"es_ES\" \/>\n<meta property=\"og:type\" content=\"article\" \/>\n<meta property=\"og:title\" content=\"Precios y horarios - Fly With Paloma\" \/>\n<meta property=\"og:description\" content=\"En Fly with Paloma hay clases adaptadas a todos los niveles. Son sesiones casi particulares en las que ver\u00e1s mejorar tu pr\u00e1ctica d\u00eda a d\u00eda.\" \/>\n<meta property=\"og:url\" content=\"https:\/\/www.flywithpaloma.es\/index.php\/precios-y-horarios\/\" \/>\n<meta property=\"og:site_name\" content=\"Fly With Paloma\" \/>\n<meta property=\"article:modified_time\" content=\"2025-12-12T11:01:33+00:00\" \/>\n<meta name=\"twitter:card\" content=\"summary_large_image\" \/>\n<meta name=\"twitter:label1\" content=\"Tiempo de lectura\" \/>\n\t<meta name=\"twitter:data1\" content=\"2 minutos\" \/>\n<script type=\"application\/ld+json\" class=\"yoast-schema-graph\">{\"@context\":\"https:\/\/schema.org\",\"@graph\":[{\"@type\":\"WebPage\",\"@id\":\"https:\/\/www.flywithpaloma.es\/index.php\/precios-y-horarios\/\",\"url\":\"https:\/\/www.flywithpaloma.es\/index.php\/precios-y-horarios\/\",\"name\":\"Precios y horarios - Fly With Paloma\",\"isPartOf\":{\"@id\":\"https:\/\/www.flywithpaloma.es\/#website\"},\"datePublished\":\"2018-11-05T10:38:37+00:00\",\"dateModified\":\"2025-12-12T11:01:33+00:00\",\"description\":\"En Fly with Paloma hay clases adaptadas a todos los niveles. Son sesiones casi particulares en las que ver\u00e1s mejorar tu pr\u00e1ctica d\u00eda a d\u00eda.\",\"breadcrumb\":{\"@id\":\"https:\/\/www.flywithpaloma.es\/index.php\/precios-y-horarios\/#breadcrumb\"},\"inLanguage\":\"es\",\"potentialAction\":[{\"@type\":\"ReadAction\",\"target\":[\"https:\/\/www.flywithpaloma.es\/index.php\/precios-y-horarios\/\"]}]},{\"@type\":\"BreadcrumbList\",\"@id\":\"https:\/\/www.flywithpaloma.es\/index.php\/precios-y-horarios\/#breadcrumb\",\"itemListElement\":[{\"@type\":\"ListItem\",\"position\":1,\"name\":\"Portada\",\"item\":\"https:\/\/www.flywithpaloma.es\/\"},{\"@type\":\"ListItem\",\"position\":2,\"name\":\"Precios y horarios\"}]},{\"@type\":\"WebSite\",\"@id\":\"https:\/\/www.flywithpaloma.es\/#website\",\"url\":\"https:\/\/www.flywithpaloma.es\/\",\"name\":\"Fly With Paloma\",\"description\":\"Libera el yoga que llevas dentro\",\"potentialAction\":[{\"@type\":\"SearchAction\",\"target\":{\"@type\":\"EntryPoint\",\"urlTemplate\":\"https:\/\/www.flywithpaloma.es\/?s={search_term_string}\"},\"query-input\":\"required name=search_term_string\"}],\"inLanguage\":\"es\"}]}<\/script>\n<!-- \/ Yoast SEO plugin. -->","yoast_head_json":{"title":"Precios y horarios - Fly With Paloma","description":"En Fly with Paloma hay clases adaptadas a todos los niveles. Son sesiones casi particulares en las que ver\u00e1s mejorar tu pr\u00e1ctica d\u00eda a d\u00eda.","robots":{"index":"index","follow":"follow","max-snippet":"max-snippet:-1","max-image-preview":"max-image-preview:large","max-video-preview":"max-video-preview:-1"},"canonical":"https:\/\/www.flywithpaloma.es\/index.php\/precios-y-horarios\/","og_locale":"es_ES","og_type":"article","og_title":"Precios y horarios - Fly With Paloma","og_description":"En Fly with Paloma hay clases adaptadas a todos los niveles. Son sesiones casi particulares en las que ver\u00e1s mejorar tu pr\u00e1ctica d\u00eda a d\u00eda.","og_url":"https:\/\/www.flywithpaloma.es\/index.php\/precios-y-horarios\/","og_site_name":"Fly With Paloma","article_modified_time":"2025-12-12T11:01:33+00:00","twitter_card":"summary_large_image","twitter_misc":{"Tiempo de lectura":"2 minutos"},"schema":{"@context":"https:\/\/schema.org","@graph":[{"@type":"WebPage","@id":"https:\/\/www.flywithpaloma.es\/index.php\/precios-y-horarios\/","url":"https:\/\/www.flywithpaloma.es\/index.php\/precios-y-horarios\/","name":"Precios y horarios - Fly With Paloma","isPartOf":{"@id":"https:\/\/www.flywithpaloma.es\/#website"},"datePublished":"2018-11-05T10:38:37+00:00","dateModified":"2025-12-12T11:01:33+00:00","description":"En Fly with Paloma hay clases adaptadas a todos los niveles. Son sesiones casi particulares en las que ver\u00e1s mejorar tu pr\u00e1ctica d\u00eda a d\u00eda.","breadcrumb":{"@id":"https:\/\/www.flywithpaloma.es\/index.php\/precios-y-horarios\/#breadcrumb"},"inLanguage":"es","potentialAction":[{"@type":"ReadAction","target":["https:\/\/www.flywithpaloma.es\/index.php\/precios-y-horarios\/"]}]},{"@type":"BreadcrumbList","@id":"https:\/\/www.flywithpaloma.es\/index.php\/precios-y-horarios\/#breadcrumb","itemListElement":[{"@type":"ListItem","position":1,"name":"Portada","item":"https:\/\/www.flywithpaloma.es\/"},{"@type":"ListItem","position":2,"name":"Precios y horarios"}]},{"@type":"WebSite","@id":"https:\/\/www.flywithpaloma.es\/#website","url":"https:\/\/www.flywithpaloma.es\/","name":"Fly With Paloma","description":"Libera el yoga que llevas dentro","potentialAction":[{"@type":"SearchAction","target":{"@type":"EntryPoint","urlTemplate":"https:\/\/www.flywithpaloma.es\/?s={search_term_string}"},"query-input":"required name=search_term_string"}],"inLanguage":"es"}]}},"_links":{"self":[{"href":"https:\/\/www.flywithpaloma.es\/index.php\/wp-json\/wp\/v2\/pages\/23851","targetHints":{"allow":["GET"]}}],"collection":[{"href":"https:\/\/www.flywithpaloma.es\/index.php\/wp-json\/wp\/v2\/pages"}],"about":[{"href":"https:\/\/www.flywithpaloma.es\/index.php\/wp-json\/wp\/v2\/types\/page"}],"author":[{"embeddable":true,"href":"https:\/\/www.flywithpaloma.es\/index.php\/wp-json\/wp\/v2\/users\/1"}],"replies":[{"embeddable":true,"href":"https:\/\/www.flywithpaloma.es\/index.php\/wp-json\/wp\/v2\/comments?post=23851"}],"version-history":[{"count":43,"href":"https:\/\/www.flywithpaloma.es\/index.php\/wp-json\/wp\/v2\/pages\/23851\/revisions"}],"predecessor-version":[{"id":24853,"href":"https:\/\/www.flywithpaloma.es\/index.php\/wp-json\/wp\/v2\/pages\/23851\/revisions\/24853"}],"wp:attachment":[{"href":"https:\/\/www.flywithpaloma.es\/index.php\/wp-json\/wp\/v2\/media?parent=23851"}],"curies":[{"name":"wp","href":"https:\/\/api.w.org\/{rel}","templated":true}]}}